{"id":2223,"date":"2024-05-28T14:38:50","date_gmt":"2024-05-28T14:38:50","guid":{"rendered":"https:\/\/ftgmowi.com\/?post_type=product&#038;p=2223"},"modified":"2024-06-17T09:08:48","modified_gmt":"2024-06-17T09:08:48","slug":"ls-pump","status":"publish","type":"product","link":"https:\/\/ftgmowi.com\/sv\/produkt\/ls-pump\/","title":{"rendered":"LS-pump och tank"},"content":{"rendered":"<p>LS-pump, 130 l\/min och tank<\/p>\n<p>Endast dragst\u00e5ngsmontering<\/p>\n<p>Passar till: Mowi 1250 och 1450<\/p>\n<p>Kontakta din \u00e5terf\u00f6rs\u00e4ljare (eller oss) f\u00f6r offert<\/p>\n","protected":false},"excerpt":{"rendered":"<p>LS-pump, 130 l\/min och tank Endast dragst\u00e5ngsmontering Passar till: Mowi 1250 och 1450 Kontakta din \u00e5terf\u00f6rs\u00e4ljare (eller oss) f\u00f6r offert<\/p>\n","protected":false},"featured_media":2227,"comment_status":"closed","ping_status":"closed","template":"","meta":{"_acf_changed":false,"inline_featured_image":false},"product_cat":[56,84],"product_tag":[],"acf":[],"_links":{"self":[{"href":"https:\/\/ftgmowi.com\/sv\/wp-json\/wp\/v2\/product\/2223"}],"collection":[{"href":"https:\/\/ftgmowi.com\/sv\/wp-json\/wp\/v2\/product"}],"about":[{"href":"https:\/\/ftgmowi.com\/sv\/wp-json\/wp\/v2\/types\/product"}],"replies":[{"embeddable":true,"href":"https:\/\/ftgmowi.com\/sv\/wp-json\/wp\/v2\/comments?post=2223"}],"wp:featuredmedia":[{"embeddable":true,"href":"https:\/\/ftgmowi.com\/sv\/wp-json\/wp\/v2\/media\/2227"}],"wp:attachment":[{"href":"https:\/\/ftgmowi.com\/sv\/wp-json\/wp\/v2\/media?parent=2223"}],"wp:term":[{"taxonomy":"product_cat","embeddable":true,"href":"https:\/\/ftgmowi.com\/sv\/wp-json\/wp\/v2\/product_cat?post=2223"},{"taxonomy":"product_tag","embeddable":true,"href":"https:\/\/ftgmowi.com\/sv\/wp-json\/wp\/v2\/product_tag?post=2223"}],"curies":[{"name":"wp","href":"https:\/\/api.w.org\/{rel}","templated":true}]}}