{"id":2476,"date":"2024-04-16T11:12:03","date_gmt":"2024-04-16T09:12:03","guid":{"rendered":"https:\/\/ftgmowi.com\/?post_type=product&#038;p=2476"},"modified":"2025-03-20T07:04:42","modified_gmt":"2025-03-20T05:04:42","slug":"markberedare","status":"publish","type":"product","link":"https:\/\/ftgmowi.com\/sv\/produkt\/markberedare\/","title":{"rendered":"Markberedare"},"content":{"rendered":"<h4>Effektiv markbearbetning med FTG Markberedare MB4B<\/h4>\n<p>FTG markberedare \u00e4r ett ekonomiskt och milj\u00f6v\u00e4nligt redskap som ger plantorna de b\u00e4sta f\u00f6ruts\u00e4ttningarna f\u00f6r en bra etablering och tillv\u00e4xt. Markberedaren arbetar intermittent, dvs. l\u00e5ser gr\u00e4vhjulet, drar med sig den rivna torvan, sl\u00e4pper och gr\u00e4ver p\u00e5 nytt vid n\u00e4sta planteringsyta.<\/p>\n<p>F\u00f6r den sj\u00e4lvverksamma skogs\u00e4garen med traktor \u00e4r detta det mest milj\u00f6v\u00e4nliga s\u00e4ttet att markbereda och det kommer att ge dina skogsplantor den optimala starten. MB4B \u00e4r en fl\u00e4ckmarkberedare som sparar b\u00e5de tid och arbete, oavsett om du planerat sj\u00e4lvs\u00e5dd fr\u00e5n fr\u00f6tallar eller t\u00e4nkt plantera.<\/p>\n","protected":false},"excerpt":{"rendered":"<p>Effektiv markbearbetning med FTG Markberedare MB4B FTG markberedare \u00e4r ett ekonomiskt och milj\u00f6v\u00e4nligt redskap som ger plantorna de b\u00e4sta f\u00f6ruts\u00e4ttningarna f\u00f6r en bra etablering och tillv\u00e4xt. Markberedaren arbetar intermittent, dvs. l\u00e5ser gr\u00e4vhjulet, drar med sig den rivna torvan, sl\u00e4pper och gr\u00e4ver p\u00e5 nytt vid n\u00e4sta planteringsyta. F\u00f6r den sj\u00e4lvverksamma skogs\u00e4garen med traktor \u00e4r detta det [&hellip;]<\/p>\n","protected":false},"featured_media":2991,"comment_status":"closed","ping_status":"closed","template":"","meta":{"_acf_changed":false,"inline_featured_image":false},"product_cat":[80],"product_tag":[],"acf":[],"_links":{"self":[{"href":"https:\/\/ftgmowi.com\/sv\/wp-json\/wp\/v2\/product\/2476"}],"collection":[{"href":"https:\/\/ftgmowi.com\/sv\/wp-json\/wp\/v2\/product"}],"about":[{"href":"https:\/\/ftgmowi.com\/sv\/wp-json\/wp\/v2\/types\/product"}],"replies":[{"embeddable":true,"href":"https:\/\/ftgmowi.com\/sv\/wp-json\/wp\/v2\/comments?post=2476"}],"wp:featuredmedia":[{"embeddable":true,"href":"https:\/\/ftgmowi.com\/sv\/wp-json\/wp\/v2\/media\/2991"}],"wp:attachment":[{"href":"https:\/\/ftgmowi.com\/sv\/wp-json\/wp\/v2\/media?parent=2476"}],"wp:term":[{"taxonomy":"product_cat","embeddable":true,"href":"https:\/\/ftgmowi.com\/sv\/wp-json\/wp\/v2\/product_cat?post=2476"},{"taxonomy":"product_tag","embeddable":true,"href":"https:\/\/ftgmowi.com\/sv\/wp-json\/wp\/v2\/product_tag?post=2476"}],"curies":[{"name":"wp","href":"https:\/\/api.w.org\/{rel}","templated":true}]}}