{"id":2486,"date":"2024-06-07T03:59:59","date_gmt":"2024-06-07T01:59:59","guid":{"rendered":"https:\/\/ftgmowi.com\/?post_type=product&#038;p=2486"},"modified":"2024-06-13T14:32:46","modified_gmt":"2024-06-13T14:32:46","slug":"konsol-for-joystickfaste","status":"publish","type":"product","link":"https:\/\/ftgmowi.com\/sv\/produkt\/konsol-for-joystickfaste\/","title":{"rendered":"Konsol f\u00f6r joystickf\u00e4ste"},"content":{"rendered":"<p>Joystickf\u00e4ste f\u00f6r PCL och EHC<\/p>\n","protected":false},"excerpt":{"rendered":"<p>Joystickf\u00e4ste f\u00f6r PCL och EHC<\/p>\n","protected":false},"featured_media":2289,"comment_status":"closed","ping_status":"closed","template":"","meta":{"_acf_changed":false,"inline_featured_image":false},"product_cat":[56,83],"product_tag":[],"acf":[],"_links":{"self":[{"href":"https:\/\/ftgmowi.com\/sv\/wp-json\/wp\/v2\/product\/2486"}],"collection":[{"href":"https:\/\/ftgmowi.com\/sv\/wp-json\/wp\/v2\/product"}],"about":[{"href":"https:\/\/ftgmowi.com\/sv\/wp-json\/wp\/v2\/types\/product"}],"replies":[{"embeddable":true,"href":"https:\/\/ftgmowi.com\/sv\/wp-json\/wp\/v2\/comments?post=2486"}],"wp:featuredmedia":[{"embeddable":true,"href":"https:\/\/ftgmowi.com\/sv\/wp-json\/wp\/v2\/media\/2289"}],"wp:attachment":[{"href":"https:\/\/ftgmowi.com\/sv\/wp-json\/wp\/v2\/media?parent=2486"}],"wp:term":[{"taxonomy":"product_cat","embeddable":true,"href":"https:\/\/ftgmowi.com\/sv\/wp-json\/wp\/v2\/product_cat?post=2486"},{"taxonomy":"product_tag","embeddable":true,"href":"https:\/\/ftgmowi.com\/sv\/wp-json\/wp\/v2\/product_tag?post=2486"}],"curies":[{"name":"wp","href":"https:\/\/api.w.org\/{rel}","templated":true}]}}