{"id":2487,"date":"2024-06-07T03:56:12","date_gmt":"2024-06-07T03:56:12","guid":{"rendered":"https:\/\/ftgmowi.com\/?post_type=product&#038;p=2487"},"modified":"2024-06-17T09:05:18","modified_gmt":"2024-06-17T09:05:18","slug":"konsol-for-joystickfaste-valtra-6000","status":"publish","type":"product","link":"https:\/\/ftgmowi.com\/sv\/produkt\/konsol-for-joystickfaste-valtra-6000\/","title":{"rendered":"Konsol f\u00f6r joystickf\u00e4ste Valtra 6000"},"content":{"rendered":"<p>F\u00f6r Valtra 6000 serie<\/p>\n","protected":false},"excerpt":{"rendered":"<p>F\u00f6r Valtra 6000 serie<\/p>\n","protected":false},"featured_media":2286,"comment_status":"closed","ping_status":"closed","template":"","meta":{"_acf_changed":false,"inline_featured_image":false},"product_cat":[56,83],"product_tag":[],"acf":[],"_links":{"self":[{"href":"https:\/\/ftgmowi.com\/sv\/wp-json\/wp\/v2\/product\/2487"}],"collection":[{"href":"https:\/\/ftgmowi.com\/sv\/wp-json\/wp\/v2\/product"}],"about":[{"href":"https:\/\/ftgmowi.com\/sv\/wp-json\/wp\/v2\/types\/product"}],"replies":[{"embeddable":true,"href":"https:\/\/ftgmowi.com\/sv\/wp-json\/wp\/v2\/comments?post=2487"}],"wp:featuredmedia":[{"embeddable":true,"href":"https:\/\/ftgmowi.com\/sv\/wp-json\/wp\/v2\/media\/2286"}],"wp:attachment":[{"href":"https:\/\/ftgmowi.com\/sv\/wp-json\/wp\/v2\/media?parent=2487"}],"wp:term":[{"taxonomy":"product_cat","embeddable":true,"href":"https:\/\/ftgmowi.com\/sv\/wp-json\/wp\/v2\/product_cat?post=2487"},{"taxonomy":"product_tag","embeddable":true,"href":"https:\/\/ftgmowi.com\/sv\/wp-json\/wp\/v2\/product_tag?post=2487"}],"curies":[{"name":"wp","href":"https:\/\/api.w.org\/{rel}","templated":true}]}}