{"id":2527,"date":"2024-06-10T13:56:14","date_gmt":"2024-06-10T11:56:14","guid":{"rendered":"https:\/\/ftgmowi.com\/?post_type=product&#038;p=2527"},"modified":"2024-06-17T07:01:15","modified_gmt":"2024-06-17T07:01:15","slug":"stodben-hydrauliska-mowi-850","status":"publish","type":"product","link":"https:\/\/ftgmowi.com\/sv\/produkt\/stodben-hydrauliska-mowi-850\/","title":{"rendered":"St\u00f6dben hydrauliska Mowi 850"},"content":{"rendered":"<p>Hydrauliska st\u00f6dben till <strong>Mowi 850<\/strong>, f\u00f6r montering p\u00e5 grind, exkl. ventil<\/p>\n","protected":false},"excerpt":{"rendered":"<p>Hydrauliska st\u00f6dben till Mowi 850, f\u00f6r montering p\u00e5 grind, exkl. ventil<\/p>\n","protected":false},"featured_media":2312,"comment_status":"closed","ping_status":"closed","template":"","meta":{"_acf_changed":false,"inline_featured_image":false},"product_cat":[56,87],"product_tag":[],"acf":[],"_links":{"self":[{"href":"https:\/\/ftgmowi.com\/sv\/wp-json\/wp\/v2\/product\/2527"}],"collection":[{"href":"https:\/\/ftgmowi.com\/sv\/wp-json\/wp\/v2\/product"}],"about":[{"href":"https:\/\/ftgmowi.com\/sv\/wp-json\/wp\/v2\/types\/product"}],"replies":[{"embeddable":true,"href":"https:\/\/ftgmowi.com\/sv\/wp-json\/wp\/v2\/comments?post=2527"}],"wp:featuredmedia":[{"embeddable":true,"href":"https:\/\/ftgmowi.com\/sv\/wp-json\/wp\/v2\/media\/2312"}],"wp:attachment":[{"href":"https:\/\/ftgmowi.com\/sv\/wp-json\/wp\/v2\/media?parent=2527"}],"wp:term":[{"taxonomy":"product_cat","embeddable":true,"href":"https:\/\/ftgmowi.com\/sv\/wp-json\/wp\/v2\/product_cat?post=2527"},{"taxonomy":"product_tag","embeddable":true,"href":"https:\/\/ftgmowi.com\/sv\/wp-json\/wp\/v2\/product_tag?post=2527"}],"curies":[{"name":"wp","href":"https:\/\/api.w.org\/{rel}","templated":true}]}}