{"id":2534,"date":"2024-06-10T14:19:19","date_gmt":"2024-06-10T12:19:19","guid":{"rendered":"https:\/\/ftgmowi.com\/?post_type=product&#038;p=2534"},"modified":"2024-06-17T09:14:45","modified_gmt":"2024-06-17T09:14:45","slug":"rotationsstopp-1-par","status":"publish","type":"product","link":"https:\/\/ftgmowi.com\/sv\/produkt\/rotationsstopp-1-par\/","title":{"rendered":"Rotationsstopp (1 par)"},"content":{"rendered":"<p>Rotationsstopp f\u00f6r f\u00f6rsta staken, f\u00e4stes p\u00e5 grinden.- F\u00f6r Mowi 1050-1450. Ett par<\/p>\n","protected":false},"excerpt":{"rendered":"<p>Rotationsstopp f\u00f6r f\u00f6rsta staken, f\u00e4stes p\u00e5 grinden.- F\u00f6r Mowi 1050-1450. Ett par<\/p>\n","protected":false},"featured_media":2324,"comment_status":"closed","ping_status":"closed","template":"","meta":{"_acf_changed":false,"inline_featured_image":false},"product_cat":[56,87],"product_tag":[],"acf":[],"_links":{"self":[{"href":"https:\/\/ftgmowi.com\/sv\/wp-json\/wp\/v2\/product\/2534"}],"collection":[{"href":"https:\/\/ftgmowi.com\/sv\/wp-json\/wp\/v2\/product"}],"about":[{"href":"https:\/\/ftgmowi.com\/sv\/wp-json\/wp\/v2\/types\/product"}],"replies":[{"embeddable":true,"href":"https:\/\/ftgmowi.com\/sv\/wp-json\/wp\/v2\/comments?post=2534"}],"wp:featuredmedia":[{"embeddable":true,"href":"https:\/\/ftgmowi.com\/sv\/wp-json\/wp\/v2\/media\/2324"}],"wp:attachment":[{"href":"https:\/\/ftgmowi.com\/sv\/wp-json\/wp\/v2\/media?parent=2534"}],"wp:term":[{"taxonomy":"product_cat","embeddable":true,"href":"https:\/\/ftgmowi.com\/sv\/wp-json\/wp\/v2\/product_cat?post=2534"},{"taxonomy":"product_tag","embeddable":true,"href":"https:\/\/ftgmowi.com\/sv\/wp-json\/wp\/v2\/product_tag?post=2534"}],"curies":[{"name":"wp","href":"https:\/\/api.w.org\/{rel}","templated":true}]}}