{"id":2588,"date":"2024-06-12T04:35:15","date_gmt":"2024-06-12T02:35:15","guid":{"rendered":"https:\/\/ftgmowi.com\/?post_type=product&#038;p=2588"},"modified":"2024-06-17T13:05:44","modified_gmt":"2024-06-17T13:05:44","slug":"arbetsbelysning-led","status":"publish","type":"product","link":"https:\/\/ftgmowi.com\/sv\/produkt\/arbetsbelysning-led\/","title":{"rendered":"Arbetsbelysning LED"},"content":{"rendered":"<p>Det finns flera olika typer av arbetsbelysning f\u00f6r din kran och skogsvagn som underl\u00e4ttar arbetet \u00e4ven n\u00e4r det \u00e4r m\u00f6rkt.<\/p>\n<p>Se nedan f\u00f6r att avg\u00f6ra vad som passar b\u00e4st f\u00f6r din utrustning:<\/p>\n<p><strong>Produktnr \/ Plats \/ Passar<\/strong><\/p>\n<p>FA0427 \/ P\u00e5 pelare (2 st) \/ P30T-P31T, P40-P41, P40T-P41T, P50-P51, P50T-P51T, P81T-P81DT<\/p>\n<p>FA0786 \/ P\u00e5 vikarm (2 st) \/ P30T-P31T, P40-P41, P40T-P41T<\/p>\n<p>FA0786 \/ Under vikarm \/ P50-P51, P50T-P51T P81t-P81DT<\/p>\n<p>FA0787 \/ vagnspaket (1 bakljus, 2\u00a0 under vridmotorer) \/ Mowi 1050-1450<\/p>\n","protected":false},"excerpt":{"rendered":"<p>Det finns flera olika typer av arbetsbelysning f\u00f6r din kran och skogsvagn som underl\u00e4ttar arbetet \u00e4ven n\u00e4r det \u00e4r m\u00f6rkt. Se nedan f\u00f6r att avg\u00f6ra vad som passar b\u00e4st f\u00f6r din utrustning: Produktnr \/ Plats \/ Passar FA0427 \/ P\u00e5 pelare (2 st) \/ P30T-P31T, P40-P41, P40T-P41T, P50-P51, P50T-P51T, P81T-P81DT FA0786 \/ P\u00e5 vikarm (2 [&hellip;]<\/p>\n","protected":false},"featured_media":2577,"comment_status":"closed","ping_status":"closed","template":"","meta":{"_acf_changed":false,"inline_featured_image":false},"product_cat":[87,89],"product_tag":[],"acf":[],"_links":{"self":[{"href":"https:\/\/ftgmowi.com\/sv\/wp-json\/wp\/v2\/product\/2588"}],"collection":[{"href":"https:\/\/ftgmowi.com\/sv\/wp-json\/wp\/v2\/product"}],"about":[{"href":"https:\/\/ftgmowi.com\/sv\/wp-json\/wp\/v2\/types\/product"}],"replies":[{"embeddable":true,"href":"https:\/\/ftgmowi.com\/sv\/wp-json\/wp\/v2\/comments?post=2588"}],"wp:featuredmedia":[{"embeddable":true,"href":"https:\/\/ftgmowi.com\/sv\/wp-json\/wp\/v2\/media\/2577"}],"wp:attachment":[{"href":"https:\/\/ftgmowi.com\/sv\/wp-json\/wp\/v2\/media?parent=2588"}],"wp:term":[{"taxonomy":"product_cat","embeddable":true,"href":"https:\/\/ftgmowi.com\/sv\/wp-json\/wp\/v2\/product_cat?post=2588"},{"taxonomy":"product_tag","embeddable":true,"href":"https:\/\/ftgmowi.com\/sv\/wp-json\/wp\/v2\/product_tag?post=2588"}],"curies":[{"name":"wp","href":"https:\/\/api.w.org\/{rel}","templated":true}]}}