{"id":2802,"date":"2024-08-12T08:51:35","date_gmt":"2024-08-12T06:51:35","guid":{"rendered":"https:\/\/ftgmowi.com\/?post_type=product&#038;p=2802"},"modified":"2024-08-12T13:40:51","modified_gmt":"2024-08-12T11:40:51","slug":"virkesgrip-fb190wf","status":"publish","type":"product","link":"https:\/\/ftgmowi.com\/sv\/produkt\/virkesgrip-fb190wf\/","title":{"rendered":"Virkesgrip FB190WF"},"content":{"rendered":"<p>FB190WF \u00e4r bredare \u00e4n FB190 och passar de medelstora kranarna. Passar f\u00f6r fl\u00e4nsmonterad rotator eller med adapterplatta 49\/59 mm axel.<\/p>\n<p>Passar Mowi P30, P30T, P31T, P41, P41T<\/p>\n","protected":false},"excerpt":{"rendered":"<p>FB190WF \u00e4r bredare \u00e4n FB190 och passar de medelstora kranarna. Passar f\u00f6r fl\u00e4nsmonterad rotator eller med adapterplatta 49\/59 mm axel. Passar Mowi P30, P30T, P31T, P41, P41T<\/p>\n","protected":false},"featured_media":2800,"comment_status":"closed","ping_status":"closed","template":"","meta":{"_acf_changed":false,"inline_featured_image":false},"product_cat":[81],"product_tag":[],"acf":[],"_links":{"self":[{"href":"https:\/\/ftgmowi.com\/sv\/wp-json\/wp\/v2\/product\/2802"}],"collection":[{"href":"https:\/\/ftgmowi.com\/sv\/wp-json\/wp\/v2\/product"}],"about":[{"href":"https:\/\/ftgmowi.com\/sv\/wp-json\/wp\/v2\/types\/product"}],"replies":[{"embeddable":true,"href":"https:\/\/ftgmowi.com\/sv\/wp-json\/wp\/v2\/comments?post=2802"}],"wp:featuredmedia":[{"embeddable":true,"href":"https:\/\/ftgmowi.com\/sv\/wp-json\/wp\/v2\/media\/2800"}],"wp:attachment":[{"href":"https:\/\/ftgmowi.com\/sv\/wp-json\/wp\/v2\/media?parent=2802"}],"wp:term":[{"taxonomy":"product_cat","embeddable":true,"href":"https:\/\/ftgmowi.com\/sv\/wp-json\/wp\/v2\/product_cat?post=2802"},{"taxonomy":"product_tag","embeddable":true,"href":"https:\/\/ftgmowi.com\/sv\/wp-json\/wp\/v2\/product_tag?post=2802"}],"curies":[{"name":"wp","href":"https:\/\/api.w.org\/{rel}","templated":true}]}}