{"id":2812,"date":"2024-08-12T13:11:49","date_gmt":"2024-08-12T11:11:49","guid":{"rendered":"https:\/\/ftgmowi.com\/?post_type=product&#038;p=2812"},"modified":"2024-08-12T13:36:25","modified_gmt":"2024-08-12T11:36:25","slug":"risgrip-fb160s","status":"publish","type":"product","link":"https:\/\/ftgmowi.com\/sv\/produkt\/risgrip-fb160s\/","title":{"rendered":"Risgrip FB160S"},"content":{"rendered":"<p>FB190S \u00e4r en popul\u00e4r risgrip f\u00f6r de sm\u00e5 och mellanstora kranarna.<\/p>\n<p>Axeltapp \u00d849 mm (passar 3-tons rotator). Passar kranar P20, P25, P30, P30T, P31T<\/p>\n","protected":false},"excerpt":{"rendered":"<p>FB190S \u00e4r en popul\u00e4r risgrip f\u00f6r de sm\u00e5 och mellanstora kranarna. Axeltapp \u00d849 mm (passar 3-tons rotator). Passar kranar P20, P25, P30, P30T, P31T<\/p>\n","protected":false},"featured_media":2811,"comment_status":"closed","ping_status":"closed","template":"","meta":{"_acf_changed":false,"inline_featured_image":false},"product_cat":[81],"product_tag":[],"acf":[],"_links":{"self":[{"href":"https:\/\/ftgmowi.com\/sv\/wp-json\/wp\/v2\/product\/2812"}],"collection":[{"href":"https:\/\/ftgmowi.com\/sv\/wp-json\/wp\/v2\/product"}],"about":[{"href":"https:\/\/ftgmowi.com\/sv\/wp-json\/wp\/v2\/types\/product"}],"replies":[{"embeddable":true,"href":"https:\/\/ftgmowi.com\/sv\/wp-json\/wp\/v2\/comments?post=2812"}],"wp:featuredmedia":[{"embeddable":true,"href":"https:\/\/ftgmowi.com\/sv\/wp-json\/wp\/v2\/media\/2811"}],"wp:attachment":[{"href":"https:\/\/ftgmowi.com\/sv\/wp-json\/wp\/v2\/media?parent=2812"}],"wp:term":[{"taxonomy":"product_cat","embeddable":true,"href":"https:\/\/ftgmowi.com\/sv\/wp-json\/wp\/v2\/product_cat?post=2812"},{"taxonomy":"product_tag","embeddable":true,"href":"https:\/\/ftgmowi.com\/sv\/wp-json\/wp\/v2\/product_tag?post=2812"}],"curies":[{"name":"wp","href":"https:\/\/api.w.org\/{rel}","templated":true}]}}