{"id":3533,"date":"2025-07-11T06:26:00","date_gmt":"2025-07-11T04:26:00","guid":{"rendered":"https:\/\/ftgmowi.com\/?post_type=product&#038;p=3533"},"modified":"2025-07-23T08:58:06","modified_gmt":"2025-07-23T06:58:06","slug":"ehc-ventil-ltcrane-med-minispakar","status":"publish","type":"product","link":"https:\/\/ftgmowi.com\/sv\/produkt\/ehc-ventil-ltcrane-med-minispakar\/","title":{"rendered":"EHC-ventil LtCrane med minispakar"},"content":{"rendered":"<p>EHC-system med minispakar anpassat f\u00f6r odrivna vagnar eller dig som inte beh\u00f6ver styra vagnsdriften via systemet. Det \u00e4r ett lite enklare system med 6 kranfunktioner direkt fr\u00e5n joysticken och tv\u00e5 sekund\u00e4ra r\u00f6relser (st\u00f6dbenen) via knappen uppe p\u00e5 joysticken. Dessutom finns en potentiometer f\u00f6r att justera alla funktioner samtidigt, samt en fiffig felkodsindikator. Perfekt f\u00f6r dig som vill ta ett steg upp fr\u00e5n PCL men inte beh\u00f6ver alla funktioner i X Crane-systemet.<\/p>\n<p>Kontakta din lokala \u00e5terf\u00f6rs\u00e4ljare eller oss f\u00f6r mer info.<\/p>\n","protected":false},"excerpt":{"rendered":"<p>EHC-system med minispakar anpassat f\u00f6r odrivna vagnar eller dig som inte beh\u00f6ver styra vagnsdriften via systemet. Det \u00e4r ett lite enklare system med 6 kranfunktioner direkt fr\u00e5n joysticken och tv\u00e5 sekund\u00e4ra r\u00f6relser (st\u00f6dbenen) via knappen uppe p\u00e5 joysticken. Dessutom finns en potentiometer f\u00f6r att justera alla funktioner samtidigt, samt en fiffig felkodsindikator. Perfekt f\u00f6r dig [&hellip;]<\/p>\n","protected":false},"featured_media":3532,"comment_status":"closed","ping_status":"closed","template":"","meta":{"_acf_changed":false,"inline_featured_image":false},"product_cat":[56,83],"product_tag":[],"acf":[],"_links":{"self":[{"href":"https:\/\/ftgmowi.com\/sv\/wp-json\/wp\/v2\/product\/3533"}],"collection":[{"href":"https:\/\/ftgmowi.com\/sv\/wp-json\/wp\/v2\/product"}],"about":[{"href":"https:\/\/ftgmowi.com\/sv\/wp-json\/wp\/v2\/types\/product"}],"replies":[{"embeddable":true,"href":"https:\/\/ftgmowi.com\/sv\/wp-json\/wp\/v2\/comments?post=3533"}],"wp:featuredmedia":[{"embeddable":true,"href":"https:\/\/ftgmowi.com\/sv\/wp-json\/wp\/v2\/media\/3532"}],"wp:attachment":[{"href":"https:\/\/ftgmowi.com\/sv\/wp-json\/wp\/v2\/media?parent=3533"}],"wp:term":[{"taxonomy":"product_cat","embeddable":true,"href":"https:\/\/ftgmowi.com\/sv\/wp-json\/wp\/v2\/product_cat?post=3533"},{"taxonomy":"product_tag","embeddable":true,"href":"https:\/\/ftgmowi.com\/sv\/wp-json\/wp\/v2\/product_tag?post=3533"}],"curies":[{"name":"wp","href":"https:\/\/api.w.org\/{rel}","templated":true}]}}