{"id":3628,"date":"2025-10-14T13:38:08","date_gmt":"2025-10-14T11:38:08","guid":{"rendered":"https:\/\/ftgmowi.com\/?post_type=product&#038;p=3628"},"modified":"2025-10-21T08:42:57","modified_gmt":"2025-10-21T06:42:57","slug":"tracks","status":"publish","type":"product","link":"https:\/\/ftgmowi.com\/sv\/produkt\/tracks\/","title":{"rendered":"Boggiband"},"content":{"rendered":"<p>Band till drivna Mowi 1050-1250-vagnar med 400- eller 500-hjul.<\/p>\n<p>\u00c4r det riktigt brant och kanske \u00adocks\u00e5 bl\u00f6tt och mjukt f\u00e5r du b\u00e4ttre grepp och stabilitet med band \u00f6ver hjulen.<\/p>\n<p>Dessutom g\u00f6r banden att vagnen \u201dflyter\u201d \u00f6ver stenar, stubbar och h\u00e5ligheter p\u00e5 ett smidigt s\u00e4tt.<br \/>\nBanden \u00f6kar \u00e4ven bromsf\u00f6rm\u00e5gan i och med att du kan bromsa alla fyra hjulen och f\u00e5r st\u00f6rre bromsande yta. Det g\u00f6r k\u00f6rning med fullt lass utf\u00f6r mycket s\u00e4krare.<\/p>\n<p>Med band kan du lasta mer, f\u00e5 b\u00e4ttre grepp och l\u00e4mna mindre sp\u00e5r i skog och mark.<\/p>\n","protected":false},"excerpt":{"rendered":"<p>Band till drivna Mowi 1050-1250-vagnar med 400- eller 500-hjul. \u00c4r det riktigt brant och kanske \u00adocks\u00e5 bl\u00f6tt och mjukt f\u00e5r du b\u00e4ttre grepp och stabilitet med band \u00f6ver hjulen. Dessutom g\u00f6r banden att vagnen \u201dflyter\u201d \u00f6ver stenar, stubbar och h\u00e5ligheter p\u00e5 ett smidigt s\u00e4tt. Banden \u00f6kar \u00e4ven bromsf\u00f6rm\u00e5gan i och med att du kan bromsa [&hellip;]<\/p>\n","protected":false},"featured_media":3393,"comment_status":"closed","ping_status":"closed","template":"","meta":{"_acf_changed":false,"inline_featured_image":false},"product_cat":[87],"product_tag":[],"acf":[],"_links":{"self":[{"href":"https:\/\/ftgmowi.com\/sv\/wp-json\/wp\/v2\/product\/3628"}],"collection":[{"href":"https:\/\/ftgmowi.com\/sv\/wp-json\/wp\/v2\/product"}],"about":[{"href":"https:\/\/ftgmowi.com\/sv\/wp-json\/wp\/v2\/types\/product"}],"replies":[{"embeddable":true,"href":"https:\/\/ftgmowi.com\/sv\/wp-json\/wp\/v2\/comments?post=3628"}],"wp:featuredmedia":[{"embeddable":true,"href":"https:\/\/ftgmowi.com\/sv\/wp-json\/wp\/v2\/media\/3393"}],"wp:attachment":[{"href":"https:\/\/ftgmowi.com\/sv\/wp-json\/wp\/v2\/media?parent=3628"}],"wp:term":[{"taxonomy":"product_cat","embeddable":true,"href":"https:\/\/ftgmowi.com\/sv\/wp-json\/wp\/v2\/product_cat?post=3628"},{"taxonomy":"product_tag","embeddable":true,"href":"https:\/\/ftgmowi.com\/sv\/wp-json\/wp\/v2\/product_tag?post=3628"}],"curies":[{"name":"wp","href":"https:\/\/api.w.org\/{rel}","templated":true}]}}